{"id":29,"date":"2021-02-23T22:51:53","date_gmt":"2021-02-24T01:51:53","guid":{"rendered":"https:\/\/fabiomachadopsi.com.br\/rayquimica\/?page_id=29"},"modified":"2023-01-20T11:52:49","modified_gmt":"2023-01-20T14:52:49","slug":"empresa","status":"publish","type":"page","link":"http:\/\/www.rayquimica.com.br\/rayquimica\/empresa\/","title":{"rendered":"Empresa"},"content":{"rendered":"\t\t<div data-elementor-type=\"wp-page\" data-elementor-id=\"29\" class=\"elementor elementor-29\" data-elementor-post-type=\"page\">\n\t\t\t\t\t\t<section class=\"elementor-section elementor-top-section elementor-element elementor-element-6a54f28 elementor-section-full_width elementor-section-height-default elementor-section-height-default\" data-id=\"6a54f28\" data-element_type=\"section\">\n\t\t\t\t\t\t<div class=\"elementor-container elementor-column-gap-no\">\n\t\t\t\t\t<div class=\"elementor-column elementor-col-100 elementor-top-column elementor-element elementor-element-6c58763\" data-id=\"6c58763\" data-element_type=\"column\">\n\t\t\t<div class=\"elementor-widget-wrap elementor-element-populated\">\n\t\t\t\t\t\t<div class=\"elementor-element elementor-element-d4be667 elementor-widget elementor-widget-image\" data-id=\"d4be667\" data-element_type=\"widget\" data-widget_type=\"image.default\">\n\t\t\t\t<div class=\"elementor-widget-container\">\n\t\t\t\t\t\t\t\t\t\t\t\t\t\t\t<img fetchpriority=\"high\" decoding=\"async\" width=\"1920\" height=\"700\" src=\"http:\/\/www.rayquimica.com.br\/wp-content\/uploads\/2021\/03\/empresa-rayquimica.jpg\" class=\"attachment-full size-full wp-image-816\" alt=\"\" srcset=\"http:\/\/www.rayquimica.com.br\/wp-content\/uploads\/2021\/03\/empresa-rayquimica.jpg 1920w, http:\/\/www.rayquimica.com.br\/wp-content\/uploads\/2021\/03\/empresa-rayquimica-300x109.jpg 300w, http:\/\/www.rayquimica.com.br\/wp-content\/uploads\/2021\/03\/empresa-rayquimica-1024x373.jpg 1024w, http:\/\/www.rayquimica.com.br\/wp-content\/uploads\/2021\/03\/empresa-rayquimica-768x280.jpg 768w, http:\/\/www.rayquimica.com.br\/wp-content\/uploads\/2021\/03\/empresa-rayquimica-1536x560.jpg 1536w\" sizes=\"(max-width: 1920px) 100vw, 1920px\" \/>\t\t\t\t\t\t\t\t\t\t\t\t\t\t\t<\/div>\n\t\t\t\t<\/div>\n\t\t\t\t\t<\/div>\n\t\t<\/div>\n\t\t\t\t\t<\/div>\n\t\t<\/section>\n\t\t\t\t<section class=\"elementor-section elementor-top-section elementor-element elementor-element-e8b32d0 elementor-section-boxed elementor-section-height-default elementor-section-height-default\" data-id=\"e8b32d0\" data-element_type=\"section\" data-settings=\"{&quot;background_background&quot;:&quot;classic&quot;}\">\n\t\t\t\t\t\t<div class=\"elementor-container elementor-column-gap-no\">\n\t\t\t\t\t<div class=\"elementor-column elementor-col-100 elementor-top-column elementor-element elementor-element-f0b7a65\" data-id=\"f0b7a65\" data-element_type=\"column\" data-settings=\"{&quot;background_background&quot;:&quot;classic&quot;}\">\n\t\t\t<div class=\"elementor-widget-wrap elementor-element-populated\">\n\t\t\t\t\t\t<div class=\"elementor-element elementor-element-db8a787 elementor-widget elementor-widget-video\" data-id=\"db8a787\" data-element_type=\"widget\" data-settings=\"{&quot;youtube_url&quot;:&quot;https:\\\/\\\/youtu.be\\\/lu7weOGdyLg&quot;,&quot;video_type&quot;:&quot;youtube&quot;,&quot;controls&quot;:&quot;yes&quot;}\" data-widget_type=\"video.default\">\n\t\t\t\t<div class=\"elementor-widget-container\">\n\t\t\t\t\t\t\t<div class=\"elementor-wrapper elementor-open-inline\">\n\t\t\t<div class=\"elementor-video\"><\/div>\t\t<\/div>\n\t\t\t\t\t\t<\/div>\n\t\t\t\t<\/div>\n\t\t\t\t\t<\/div>\n\t\t<\/div>\n\t\t\t\t\t<\/div>\n\t\t<\/section>\n\t\t\t\t<section class=\"elementor-section elementor-top-section elementor-element elementor-element-5c8139e elementor-section-full_width elementor-section-height-default elementor-section-height-default\" data-id=\"5c8139e\" data-element_type=\"section\">\n\t\t\t\t\t\t<div class=\"elementor-container elementor-column-gap-no\">\n\t\t\t\t\t<div class=\"elementor-column elementor-col-50 elementor-top-column elementor-element elementor-element-9ceb466 elementor-hidden-mobile\" data-id=\"9ceb466\" data-element_type=\"column\" data-settings=\"{&quot;background_background&quot;:&quot;classic&quot;}\">\n\t\t\t<div class=\"elementor-widget-wrap\">\n\t\t\t\t\t\t\t<\/div>\n\t\t<\/div>\n\t\t\t\t<div class=\"elementor-column elementor-col-50 elementor-top-column elementor-element elementor-element-642cb74\" data-id=\"642cb74\" data-element_type=\"column\" data-settings=\"{&quot;background_background&quot;:&quot;classic&quot;}\">\n\t\t\t<div class=\"elementor-widget-wrap elementor-element-populated\">\n\t\t\t\t\t\t<div class=\"elementor-element elementor-element-2472afb elementor-widget elementor-widget-spacer\" data-id=\"2472afb\" data-element_type=\"widget\" data-widget_type=\"spacer.default\">\n\t\t\t\t<div class=\"elementor-widget-container\">\n\t\t\t\t\t\t\t<div class=\"elementor-spacer\">\n\t\t\t<div class=\"elementor-spacer-inner\"><\/div>\n\t\t<\/div>\n\t\t\t\t\t\t<\/div>\n\t\t\t\t<\/div>\n\t\t\t\t<div class=\"elementor-element elementor-element-35eb92e elementor-widget elementor-widget-heading\" data-id=\"35eb92e\" data-element_type=\"widget\" data-widget_type=\"heading.default\">\n\t\t\t\t<div class=\"elementor-widget-container\">\n\t\t\t\t\t<p class=\"elementor-heading-title elementor-size-default\">A Rayqu\u00edmica nasceu em 2004 com o objetivo de inovar o mercado agr\u00edcola, de nutri\u00e7\u00e3o animal e ind\u00fastria em geral. Nosso trabalho baseia-se na melhoria constante de nossos produtos, princ\u00edpios \u00e9ticos, respeito ao ser humano e ao meio ambiente. Hoje temos orgulho de fabricar e distribuir insumos para diferentes segmentos, sempre entregando resultados eficientes e positivos.<\/p>\t\t\t\t<\/div>\n\t\t\t\t<\/div>\n\t\t\t\t<div class=\"elementor-element elementor-element-e1cb2be elementor-widget elementor-widget-spacer\" data-id=\"e1cb2be\" data-element_type=\"widget\" data-widget_type=\"spacer.default\">\n\t\t\t\t<div class=\"elementor-widget-container\">\n\t\t\t\t\t\t\t<div class=\"elementor-spacer\">\n\t\t\t<div class=\"elementor-spacer-inner\"><\/div>\n\t\t<\/div>\n\t\t\t\t\t\t<\/div>\n\t\t\t\t<\/div>\n\t\t\t\t\t<\/div>\n\t\t<\/div>\n\t\t\t\t\t<\/div>\n\t\t<\/section>\n\t\t\t\t<section class=\"elementor-section elementor-top-section elementor-element elementor-element-af2ed92 elementor-section-boxed elementor-section-height-default elementor-section-height-default\" data-id=\"af2ed92\" data-element_type=\"section\" data-settings=\"{&quot;background_background&quot;:&quot;classic&quot;}\">\n\t\t\t\t\t\t<div class=\"elementor-container elementor-column-gap-default\">\n\t\t\t\t\t<div class=\"elementor-column elementor-col-100 elementor-top-column elementor-element elementor-element-97d4120\" data-id=\"97d4120\" data-element_type=\"column\">\n\t\t\t<div class=\"elementor-widget-wrap elementor-element-populated\">\n\t\t\t\t\t\t<div class=\"elementor-element elementor-element-402584f elementor-widget elementor-widget-spacer\" data-id=\"402584f\" data-element_type=\"widget\" data-widget_type=\"spacer.default\">\n\t\t\t\t<div class=\"elementor-widget-container\">\n\t\t\t\t\t\t\t<div class=\"elementor-spacer\">\n\t\t\t<div class=\"elementor-spacer-inner\"><\/div>\n\t\t<\/div>\n\t\t\t\t\t\t<\/div>\n\t\t\t\t<\/div>\n\t\t\t\t<div class=\"elementor-element elementor-element-d567936 elementor-widget elementor-widget-button\" data-id=\"d567936\" data-element_type=\"widget\" data-widget_type=\"button.default\">\n\t\t\t\t<div class=\"elementor-widget-container\">\n\t\t\t\t\t\t\t\t\t<div class=\"elementor-button-wrapper\">\n\t\t\t\t\t<a class=\"elementor-button elementor-size-md\" role=\"button\">\n\t\t\t\t\t\t<span class=\"elementor-button-content-wrapper\">\n\t\t\t\t\t\t\t\t\t<span class=\"elementor-button-text\">ESTRUTURA<\/span>\n\t\t\t\t\t<\/span>\n\t\t\t\t\t<\/a>\n\t\t\t\t<\/div>\n\t\t\t\t\t\t\t\t<\/div>\n\t\t\t\t<\/div>\n\t\t\t\t<div class=\"elementor-element elementor-element-6af21bf elementor-widget elementor-widget-heading\" data-id=\"6af21bf\" data-element_type=\"widget\" data-widget_type=\"heading.default\">\n\t\t\t\t<div class=\"elementor-widget-container\">\n\t\t\t\t\t<p class=\"elementor-heading-title elementor-size-default\">Nossa sede fica em Goi\u00e2nia, localizada \u00e0s margens da Rodovia GO-070.\nVisando oferecer aos nossos parceiros mais comodidade e capacidade de estoque, contamos com uma moderna planta para fabrica\u00e7\u00e3o de Sulfato de Cobre e um amplo p\u00e1tio para carga e descarga. Com essa estrutura e uma \u00e1rea total de aproximadamente 7000m\u00b2, podemos armazenar mais de 1000 toneladas de produtos. Dessa forma, garantimos que as necessidades de cada cliente sejam concretizadas com sucesso.<\/p>\t\t\t\t<\/div>\n\t\t\t\t<\/div>\n\t\t\t\t<div class=\"elementor-element elementor-element-dd59433 elementor-widget elementor-widget-button\" data-id=\"dd59433\" data-element_type=\"widget\" data-widget_type=\"button.default\">\n\t\t\t\t<div class=\"elementor-widget-container\">\n\t\t\t\t\t\t\t\t\t<div class=\"elementor-button-wrapper\">\n\t\t\t\t\t<a class=\"elementor-button elementor-size-md\" role=\"button\">\n\t\t\t\t\t\t<span class=\"elementor-button-content-wrapper\">\n\t\t\t\t\t\t\t\t\t<span class=\"elementor-button-text\">NOSSOS PRINC\u00cdPIOS<\/span>\n\t\t\t\t\t<\/span>\n\t\t\t\t\t<\/a>\n\t\t\t\t<\/div>\n\t\t\t\t\t\t\t\t<\/div>\n\t\t\t\t<\/div>\n\t\t\t\t<div class=\"elementor-element elementor-element-420dacb elementor-icon-list--layout-traditional elementor-list-item-link-full_width elementor-widget elementor-widget-icon-list\" data-id=\"420dacb\" data-element_type=\"widget\" data-widget_type=\"icon-list.default\">\n\t\t\t\t<div class=\"elementor-widget-container\">\n\t\t\t\t\t\t\t<ul class=\"elementor-icon-list-items\">\n\t\t\t\t\t\t\t<li class=\"elementor-icon-list-item\">\n\t\t\t\t\t\t\t\t\t\t\t<span class=\"elementor-icon-list-icon\">\n\t\t\t\t\t\t\t<i aria-hidden=\"true\" class=\"fas fa-circle\"><\/i>\t\t\t\t\t\t<\/span>\n\t\t\t\t\t\t\t\t\t\t<span class=\"elementor-icon-list-text\">Atitude \u00e9tica;<\/span>\n\t\t\t\t\t\t\t\t\t<\/li>\n\t\t\t\t\t\t\t\t<li class=\"elementor-icon-list-item\">\n\t\t\t\t\t\t\t\t\t\t\t<span class=\"elementor-icon-list-icon\">\n\t\t\t\t\t\t\t<i aria-hidden=\"true\" class=\"fas fa-circle\"><\/i>\t\t\t\t\t\t<\/span>\n\t\t\t\t\t\t\t\t\t\t<span class=\"elementor-icon-list-text\">Respeito ao Ser Humano e Meio Ambiente;<\/span>\n\t\t\t\t\t\t\t\t\t<\/li>\n\t\t\t\t\t\t\t\t<li class=\"elementor-icon-list-item\">\n\t\t\t\t\t\t\t\t\t\t\t<span class=\"elementor-icon-list-icon\">\n\t\t\t\t\t\t\t<i aria-hidden=\"true\" class=\"fas fa-circle\"><\/i>\t\t\t\t\t\t<\/span>\n\t\t\t\t\t\t\t\t\t\t<span class=\"elementor-icon-list-text\">Transpar\u00eancia;<\/span>\n\t\t\t\t\t\t\t\t\t<\/li>\n\t\t\t\t\t\t\t\t<li class=\"elementor-icon-list-item\">\n\t\t\t\t\t\t\t\t\t\t\t<span class=\"elementor-icon-list-icon\">\n\t\t\t\t\t\t\t<i aria-hidden=\"true\" class=\"fas fa-circle\"><\/i>\t\t\t\t\t\t<\/span>\n\t\t\t\t\t\t\t\t\t\t<span class=\"elementor-icon-list-text\">Responsabilidade;<\/span>\n\t\t\t\t\t\t\t\t\t<\/li>\n\t\t\t\t\t\t\t\t<li class=\"elementor-icon-list-item\">\n\t\t\t\t\t\t\t\t\t\t\t<span class=\"elementor-icon-list-icon\">\n\t\t\t\t\t\t\t<i aria-hidden=\"true\" class=\"fas fa-circle\"><\/i>\t\t\t\t\t\t<\/span>\n\t\t\t\t\t\t\t\t\t\t<span class=\"elementor-icon-list-text\">Inova\u00e7\u00e3o;<\/span>\n\t\t\t\t\t\t\t\t\t<\/li>\n\t\t\t\t\t\t\t\t<li class=\"elementor-icon-list-item\">\n\t\t\t\t\t\t\t\t\t\t\t<span class=\"elementor-icon-list-icon\">\n\t\t\t\t\t\t\t<i aria-hidden=\"true\" class=\"fas fa-circle\"><\/i>\t\t\t\t\t\t<\/span>\n\t\t\t\t\t\t\t\t\t\t<span class=\"elementor-icon-list-text\">Aprimoramento cont\u00ednuo.<\/span>\n\t\t\t\t\t\t\t\t\t<\/li>\n\t\t\t\t\t\t<\/ul>\n\t\t\t\t\t\t<\/div>\n\t\t\t\t<\/div>\n\t\t\t\t<div class=\"elementor-element elementor-element-e8be670 elementor-widget elementor-widget-button\" data-id=\"e8be670\" data-element_type=\"widget\" data-widget_type=\"button.default\">\n\t\t\t\t<div class=\"elementor-widget-container\">\n\t\t\t\t\t\t\t\t\t<div class=\"elementor-button-wrapper\">\n\t\t\t\t\t<a class=\"elementor-button elementor-size-md\" role=\"button\">\n\t\t\t\t\t\t<span class=\"elementor-button-content-wrapper\">\n\t\t\t\t\t\t\t\t\t<span class=\"elementor-button-text\">Pol\u00edtica Comercial e Log\u00edstica<\/span>\n\t\t\t\t\t<\/span>\n\t\t\t\t\t<\/a>\n\t\t\t\t<\/div>\n\t\t\t\t\t\t\t\t<\/div>\n\t\t\t\t<\/div>\n\t\t\t\t<div class=\"elementor-element elementor-element-8d55fdb elementor-widget elementor-widget-heading\" data-id=\"8d55fdb\" data-element_type=\"widget\" data-widget_type=\"heading.default\">\n\t\t\t\t<div class=\"elementor-widget-container\">\n\t\t\t\t\t<p class=\"elementor-heading-title elementor-size-default\">A Rayqu\u00edmica tem como estrat\u00e9gia tornar cada cliente a prioridade de seus neg\u00f3cios. Para cumprir com as expectativas e necessidades de cada parceiro, contamos com uma experiente equipe comercial e temos o objetivo de sempre trazer resultados positivos a cada projeto. Sendo assim, nosso trabalho come\u00e7a a partir do atendimento personalizado, oferecendo produtos e servi\u00e7os na medida exata da exig\u00eancia de cada cliente.\n<br><br>\nPara seguir fazendo tudo com excel\u00eancia diferenciada, procuramos sempre melhorar nossos processos, garantir o controle de qualidade e trazer resultados positivos. Por isso, para atender com efici\u00eancia e agilidade cada uma de nossas demandas, contamos com ve\u00edculos pr\u00f3prios e parcerias com as mais respeitadas transportadoras do Estado de Goi\u00e1s. Muito mais que atender demandas, asseguramos a rapidez e a pontualidade de cada uma de nossas entregas.<\/p>\t\t\t\t<\/div>\n\t\t\t\t<\/div>\n\t\t\t\t<div class=\"elementor-element elementor-element-1c8f280 elementor-widget elementor-widget-button\" data-id=\"1c8f280\" data-element_type=\"widget\" data-widget_type=\"button.default\">\n\t\t\t\t<div class=\"elementor-widget-container\">\n\t\t\t\t\t\t\t\t\t<div class=\"elementor-button-wrapper\">\n\t\t\t\t\t<a class=\"elementor-button elementor-size-md\" role=\"button\">\n\t\t\t\t\t\t<span class=\"elementor-button-content-wrapper\">\n\t\t\t\t\t\t\t\t\t<span class=\"elementor-button-text\">Qualidade, nossa obriga\u00e7\u00e3o<\/span>\n\t\t\t\t\t<\/span>\n\t\t\t\t\t<\/a>\n\t\t\t\t<\/div>\n\t\t\t\t\t\t\t\t<\/div>\n\t\t\t\t<\/div>\n\t\t\t\t<div class=\"elementor-element elementor-element-0f40c22 elementor-widget elementor-widget-heading\" data-id=\"0f40c22\" data-element_type=\"widget\" data-widget_type=\"heading.default\">\n\t\t\t\t<div class=\"elementor-widget-container\">\n\t\t\t\t\t<p class=\"elementor-heading-title elementor-size-default\">Entendemos que qualidade dos produtos dever ser uma obriga\u00e7\u00e3o, e n\u00e3o um diferencial. Seguimos as normas de Boas Pr\u00e1ticas de Fabrica\u00e7\u00e3o, com processos internos definidos para recebimento, armazenagem, fabrica\u00e7\u00e3o e comercializa\u00e7\u00e3o de produtos para Nutri\u00e7\u00e3o Animal.\n<br><br>\nCom um moderno laborat\u00f3rio pr\u00f3prio, a Rayqu\u00edmica consegue acompanhar todo o processo produtivo na fabrica\u00e7\u00e3o do Sulfato de Cobre, assegurando a garantia do teor de cobre e controle de metais pesados, conforme limites administrativos de refer\u00eancia adotados pelo MAPA.\n<br><br>\nAtrav\u00e9s de an\u00e1lises peri\u00f3dicas de Dioxinas, nos responsabilizamos a manter nosso Sulfato de Cobre nos teores estabelecidos pela IN 09, de 12\/05\/2016, do Minist\u00e9rio da Agricultura.<\/p>\t\t\t\t<\/div>\n\t\t\t\t<\/div>\n\t\t\t\t\t<\/div>\n\t\t<\/div>\n\t\t\t\t\t<\/div>\n\t\t<\/section>\n\t\t\t\t<\/div>\n\t\t","protected":false},"excerpt":{"rendered":"<p>A Rayqu\u00edmica nasceu em 2004 com o objetivo de inovar o mercado agr\u00edcola, de nutri\u00e7\u00e3o animal e ind\u00fastria em geral. Nosso trabalho baseia-se na melhoria constante de nossos produtos, princ\u00edpios \u00e9ticos, respeito ao ser humano e ao meio ambiente. Hoje temos orgulho de fabricar e distribuir insumos para diferentes segmentos, sempre entregando resultados eficientes e [&hellip;]<\/p>\n","protected":false},"author":1,"featured_media":0,"parent":0,"menu_order":0,"comment_status":"closed","ping_status":"closed","template":"elementor_header_footer","meta":{"footnotes":""},"class_list":["post-29","page","type-page","status-publish","hentry"],"_links":{"self":[{"href":"http:\/\/www.rayquimica.com.br\/rayquimica\/wp-json\/wp\/v2\/pages\/29","targetHints":{"allow":["GET"]}}],"collection":[{"href":"http:\/\/www.rayquimica.com.br\/rayquimica\/wp-json\/wp\/v2\/pages"}],"about":[{"href":"http:\/\/www.rayquimica.com.br\/rayquimica\/wp-json\/wp\/v2\/types\/page"}],"author":[{"embeddable":true,"href":"http:\/\/www.rayquimica.com.br\/rayquimica\/wp-json\/wp\/v2\/users\/1"}],"replies":[{"embeddable":true,"href":"http:\/\/www.rayquimica.com.br\/rayquimica\/wp-json\/wp\/v2\/comments?post=29"}],"version-history":[{"count":5,"href":"http:\/\/www.rayquimica.com.br\/rayquimica\/wp-json\/wp\/v2\/pages\/29\/revisions"}],"predecessor-version":[{"id":982,"href":"http:\/\/www.rayquimica.com.br\/rayquimica\/wp-json\/wp\/v2\/pages\/29\/revisions\/982"}],"wp:attachment":[{"href":"http:\/\/www.rayquimica.com.br\/rayquimica\/wp-json\/wp\/v2\/media?parent=29"}],"curies":[{"name":"wp","href":"https:\/\/api.w.org\/{rel}","templated":true}]}}